{"id":127,"date":"2013-05-09T15:55:44","date_gmt":"2013-05-09T15:55:44","guid":{"rendered":"http:\/\/eurosprinkler.dev.co.uk\/?page_id=127"},"modified":"2018-10-15T15:18:36","modified_gmt":"2018-10-15T15:18:36","slug":"wir-uber-uns","status":"publish","type":"page","link":"https:\/\/www.eurosprinkler.org\/de\/wir-uber-uns\/","title":{"rendered":"Wir \u00fcber uns"},"content":{"rendered":"<div class=\"wpb-content-wrapper\"><p>[vc_row css=&#8220;.vc_custom_1539616707344{margin-bottom: 50px !important;}&#8220;][vc_column width=&#8220;2\/3&#8243;][vc_column_text]<\/p>\n<h1>Wir \u00fcber uns<\/h1>\n<h2>Herstellung von Kontakten innerhalb der europ\u00e4ischen Sprinklerbranche<\/h2>\n<p>Zuallererst verbindet das European Fire Sprinkler Network alle diejenigen in Europa, die es als ihre Aufgabe ansehen, durch die Verbreitung von Sprinkleranlagen die Sicherheit im Brandfalle zu erh\u00f6hen. Mitglieder erhalten regelm\u00e4ssig per E-Mail Informationen von allgemeinem Interesse und k\u00f6nnen zur Unterst\u00fctzung von lokalen Kampagnen jederzeit auf Informationen und Daten des Networks zugreifen. Das Network unterst\u00fctzt ausserdem diese Webseite, die als Informationsquelle zu Sprinkleranlagen dient.<\/p>\n<p>In Zusammenarbeit mit seinen Mitgliedern etabliert das Network Kontakte zu den f\u00fcr Feuerschutz verantwortlichen Personen innerhalb Europas und sorgt f\u00fcr deren Weiterbildung im Hinblick auf die Vorteile beim Einsatz von Sprinkleranlagen.<\/p>\n<p>Mit Ihrer Mitgliedschaft im Netzwerk demonstrieren Sie Ihre Unterst\u00fctzung f\u00fcr diese Anstrengungen und geben der Botschaft des European Fire Sprinkler Networks mehr Gewicht.[\/vc_column_text][\/vc_column][vc_column width=&#8220;1\/3&#8243;][vc_widget_sidebar sidebar_id=&#8220;sidebar&#8220;][\/vc_column][\/vc_row]<\/p>\n<\/div>","protected":false},"excerpt":{"rendered":"<p>[vc_row css=&#8220;.vc_custom_1539616707344{margin-bottom: 50px !important;}&#8220;][vc_column width=&#8220;2\/3&#8243;][vc_column_text] Wir \u00fcber uns Herstellung von Kontakten innerhalb der europ\u00e4ischen Sprinklerbranche Zuallererst verbindet das European Fire Sprinkler Network alle diejenigen in Europa, die es als ihre Aufgabe ansehen, durch die Verbreitung von Sprinkleranlagen die Sicherheit im [&hellip;]<\/p>\n","protected":false},"author":1,"featured_media":0,"parent":0,"menu_order":0,"comment_status":"open","ping_status":"open","template":"","meta":{"footnotes":""},"class_list":["post-127","page","type-page","status-publish","hentry"],"_links":{"self":[{"href":"https:\/\/www.eurosprinkler.org\/de\/wp-json\/wp\/v2\/pages\/127","targetHints":{"allow":["GET"]}}],"collection":[{"href":"https:\/\/www.eurosprinkler.org\/de\/wp-json\/wp\/v2\/pages"}],"about":[{"href":"https:\/\/www.eurosprinkler.org\/de\/wp-json\/wp\/v2\/types\/page"}],"author":[{"embeddable":true,"href":"https:\/\/www.eurosprinkler.org\/de\/wp-json\/wp\/v2\/users\/1"}],"replies":[{"embeddable":true,"href":"https:\/\/www.eurosprinkler.org\/de\/wp-json\/wp\/v2\/comments?post=127"}],"version-history":[{"count":5,"href":"https:\/\/www.eurosprinkler.org\/de\/wp-json\/wp\/v2\/pages\/127\/revisions"}],"predecessor-version":[{"id":4310,"href":"https:\/\/www.eurosprinkler.org\/de\/wp-json\/wp\/v2\/pages\/127\/revisions\/4310"}],"wp:attachment":[{"href":"https:\/\/www.eurosprinkler.org\/de\/wp-json\/wp\/v2\/media?parent=127"}],"curies":[{"name":"wp","href":"https:\/\/api.w.org\/{rel}","templated":true}]}}