{"id":429,"date":"2013-05-16T16:29:17","date_gmt":"2013-05-16T16:29:17","guid":{"rendered":"http:\/\/eurosprinkler.dev.co.uk\/?page_id=429"},"modified":"2023-12-12T14:31:57","modified_gmt":"2023-12-12T14:31:57","slug":"werden-sie-mitglied","status":"publish","type":"page","link":"https:\/\/www.eurosprinkler.org\/de\/werden-sie-mitglied\/","title":{"rendered":"Werden Sie Mitglied"},"content":{"rendered":"<h1>Werden Sie Mitglied<\/h1>\n<h3>Vorteile f\u00fcr Ihr Unternehmen<\/h3>\n<p>Eine Mitgliedschaft im European Fire Sprinkler Network wird Sie mit einer wachsenden europ\u00e4ischen Bewegung, die sich f\u00fcr den verst\u00e4rkten Einsatz von automatischen L\u00f6schanlagen stark macht, in Kontakt bringen. Sie werden \u00fcber Vorkommnisse in anderen europ\u00e4ischen L\u00e4ndern auf dem Laufenden gehalten und Ihre Stimme wird jene unterst\u00fctzen, die sich in europ\u00e4ischen Organisationen, wie auch in den nationalen Regierungen, f\u00fcr die Schaffung von gesetzlichen Grundlagen zum Einsatz von Sprinkler- und automatischen L\u00f6schanlagen zum Wohle aller Europ\u00e4er einsetzen. Ihre Teilnahme wird die Botschaft des Networks formen und unterst\u00fctzen helfen &#8211; eine Botschaft mit dem Hintergrund, positive \u00c4nderungen einzuleiten, zum Schutz von Leben, Sachwerten und unserer Umwelt.<\/p>\n<p>Als Mitglied des Networks werden Sie ausserdem ein Monatsrundschreiben erhalten, ein Informationsblatt mit den neuesten Entwicklungen im Feuerschutz in Europa.<\/p>\n<p>F\u00fcr weitere Informationen zur Mitgliedschaft und zum Herunterladen des Anmeldeformulars bitte nachfolgende Schaltfl\u00e4che anklicken.<\/p>\n<p><a href=\"https:\/\/www.eurosprinkler.org\/wp-content\/uploads\/2013\/05\/EFSN-Flyer.pdf\">EFSN Flyer<\/a><br \/>\n<a href=\"https:\/\/www.eurosprinkler.org\/wp-content\/uploads\/2023\/12\/EFSN-Application-Form_-December-2023.pdf\">Anmeldeformular<\/a><\/p>\n<p>&nbsp;<\/p>\n","protected":false},"excerpt":{"rendered":"<p>Werden Sie Mitglied Vorteile f\u00fcr Ihr Unternehmen Eine Mitgliedschaft im European Fire Sprinkler Network wird Sie mit einer wachsenden europ\u00e4ischen Bewegung, die sich f\u00fcr den verst\u00e4rkten Einsatz von automatischen L\u00f6schanlagen stark macht, in Kontakt bringen. Sie werden \u00fcber Vorkommnisse in [&hellip;]<\/p>\n","protected":false},"author":1,"featured_media":0,"parent":0,"menu_order":0,"comment_status":"open","ping_status":"open","template":"","meta":{"footnotes":""},"class_list":["post-429","page","type-page","status-publish","hentry"],"_links":{"self":[{"href":"https:\/\/www.eurosprinkler.org\/de\/wp-json\/wp\/v2\/pages\/429","targetHints":{"allow":["GET"]}}],"collection":[{"href":"https:\/\/www.eurosprinkler.org\/de\/wp-json\/wp\/v2\/pages"}],"about":[{"href":"https:\/\/www.eurosprinkler.org\/de\/wp-json\/wp\/v2\/types\/page"}],"author":[{"embeddable":true,"href":"https:\/\/www.eurosprinkler.org\/de\/wp-json\/wp\/v2\/users\/1"}],"replies":[{"embeddable":true,"href":"https:\/\/www.eurosprinkler.org\/de\/wp-json\/wp\/v2\/comments?post=429"}],"version-history":[{"count":10,"href":"https:\/\/www.eurosprinkler.org\/de\/wp-json\/wp\/v2\/pages\/429\/revisions"}],"predecessor-version":[{"id":8194,"href":"https:\/\/www.eurosprinkler.org\/de\/wp-json\/wp\/v2\/pages\/429\/revisions\/8194"}],"wp:attachment":[{"href":"https:\/\/www.eurosprinkler.org\/de\/wp-json\/wp\/v2\/media?parent=429"}],"curies":[{"name":"wp","href":"https:\/\/api.w.org\/{rel}","templated":true}]}}