{"id":48,"date":"2013-05-08T09:24:58","date_gmt":"2013-05-08T09:24:58","guid":{"rendered":"http:\/\/eurosprinkler.dev.co.uk\/?page_id=48"},"modified":"2025-02-03T08:13:40","modified_gmt":"2025-02-03T08:13:40","slug":"home-german","status":"publish","type":"page","link":"https:\/\/www.eurosprinkler.org\/de\/","title":{"rendered":"Home"},"content":{"rendered":"<div class=\"wpb-content-wrapper\"><p>[vc_row css=&#8220;.vc_custom_1539615326093{margin-bottom: 50px !important;}&#8220;][vc_column width=&#8220;2\/3&#8243;][vc_column_text css=&#8220;&#8220;]<\/p>\n<h1>Herzlich willkommen beim European Fire Sprinkler Network!<\/h1>\n<p>Gegr\u00fcndet im Jahre 2002, ist das Network eine Koalition zwischen Feuerschutz, Politik und anderen relevanten Organisationen, die sich dem Ziel verschrieben haben, durch den verst\u00e4rkten Einsatz von Sprinklern Leben zu retten und Geb\u00e4ude und Einrichtungen sowie die Umwelt zu sch\u00fctzen.<\/p>\n<p>J\u00e4hrlich sterben durch Feuer \u00fcber 4.000 Menschen in Europa. 100.000 und mehr werden verletzt. Br\u00e4nde verursachen ernsthafte Umwelt- und Geb\u00e4udesch\u00e4den in H\u00f6he von 10 Milliarden Euro. Es geht auch anders. In St\u00e4dten, in denen Sprinkleranlagen weitverbreitet sind, gibt es kaum noch Tote durch Feuer, die Zahl der Verletzten und der Sch\u00e4den an Geb\u00e4uden reduzieren sich um 80%. Viele Feuerschutzexperten sind daher heute \u00fcberzeugt, dass die F\u00f6rderung der Verbreitung von Sprinkleranlagen der effizienteste Weg zur Reduzierung der gegenw\u00e4rtigen Sch\u00e4den durch Br\u00e4nde ist.<\/p>\n<p>Das European Fire Sprinkler Network hat sich zum Ziel gesetzt, genaue Informationen zu Sch\u00e4den durch Feuer und \u00fcber Sprinkleranlagen zusammenzutragen und f\u00fcr deren Ver\u00f6ffentlichung zu sorgen. Es verbindet und unterst\u00fctzt alle diejenigen in Europa, die davon \u00fcberzeugt sind, dass Sprinkleranlagen zum Schutz vor Br\u00e4nden in Europa wesentlich sind.<\/p>\n<p>Als gemeinn\u00fctzige Organisation begr\u00fcssen wir Mitglieder aus verschiedenen Bereichen mit einem generellen Interesse an einem besseren Feuerschutz. Wir brauchen Ihre Mitgliedschaft, um unserer Botschaft mehr Gewicht zu verleihen und wir brauchen Ihre Unterst\u00fctzung zur Fortf\u00fchrung unserer Aktivit\u00e4ten. Bitte laden Sie unser <a href=\"https:\/\/www.eurosprinkler.org\/become-a-member\/\">Anmeldeformular<\/a>\u00a0herunter\u00a0und werden Sie noch heute Mitglied![\/vc_column_text][\/vc_column][vc_column width=&#8220;1\/3&#8243;][vc_widget_sidebar sidebar_id=&#8220;sidebar&#8220;][\/vc_column][\/vc_row]<\/p>\n<\/div>","protected":false},"excerpt":{"rendered":"<p>[vc_row css=&#8220;.vc_custom_1539615326093{margin-bottom: 50px !important;}&#8220;][vc_column width=&#8220;2\/3&#8243;][vc_column_text css=&#8220;&#8220;] Herzlich willkommen beim European Fire Sprinkler Network! Gegr\u00fcndet im Jahre 2002, ist das Network eine Koalition zwischen Feuerschutz, Politik und anderen relevanten Organisationen, die sich dem Ziel verschrieben haben, durch den verst\u00e4rkten Einsatz von [&hellip;]<\/p>\n","protected":false},"author":1,"featured_media":0,"parent":0,"menu_order":0,"comment_status":"open","ping_status":"open","template":"","meta":{"footnotes":""},"class_list":["post-48","page","type-page","status-publish","hentry"],"_links":{"self":[{"href":"https:\/\/www.eurosprinkler.org\/de\/wp-json\/wp\/v2\/pages\/48","targetHints":{"allow":["GET"]}}],"collection":[{"href":"https:\/\/www.eurosprinkler.org\/de\/wp-json\/wp\/v2\/pages"}],"about":[{"href":"https:\/\/www.eurosprinkler.org\/de\/wp-json\/wp\/v2\/types\/page"}],"author":[{"embeddable":true,"href":"https:\/\/www.eurosprinkler.org\/de\/wp-json\/wp\/v2\/users\/1"}],"replies":[{"embeddable":true,"href":"https:\/\/www.eurosprinkler.org\/de\/wp-json\/wp\/v2\/comments?post=48"}],"version-history":[{"count":33,"href":"https:\/\/www.eurosprinkler.org\/de\/wp-json\/wp\/v2\/pages\/48\/revisions"}],"predecessor-version":[{"id":9399,"href":"https:\/\/www.eurosprinkler.org\/de\/wp-json\/wp\/v2\/pages\/48\/revisions\/9399"}],"wp:attachment":[{"href":"https:\/\/www.eurosprinkler.org\/de\/wp-json\/wp\/v2\/media?parent=48"}],"curies":[{"name":"wp","href":"https:\/\/api.w.org\/{rel}","templated":true}]}}