{"id":125,"date":"2013-05-09T15:55:08","date_gmt":"2013-05-09T15:55:08","guid":{"rendered":"http:\/\/eurosprinkler.dev.co.uk\/?page_id=125"},"modified":"2018-10-15T15:19:45","modified_gmt":"2018-10-15T15:19:45","slug":"nuestras-actividades","status":"publish","type":"page","link":"https:\/\/www.eurosprinkler.org\/es\/nuestras-actividades\/","title":{"rendered":"Nuestras actividades"},"content":{"rendered":"<div class=\"wpb-content-wrapper\"><p>[vc_row css=\u00bb.vc_custom_1539616772765{margin-bottom: 50px !important;}\u00bb][vc_column width=\u00bb2\/3&#8243;][vc_column_text]<\/p>\n<h1>Nuestras actividades<\/h1>\n<h2>Conectando con el Foro Europeo de Rociadores<\/h2>\n<p>El Foro Europeo de Rociadores Autom\u00e1ticos sirve como enlace para todos los asociado europeos que desean mejorar la protecci\u00f3n contra incendios mediante el uso generalizado de rociadores autom\u00e1ticos. Los asociados reciben mensajes por correo electr\u00f3nico inform\u00e1ndoles de noticias de inter\u00e9s, y pueden contar con el apoyo del Foro para obtener cualquier informaci\u00f3n que necesiten para llevar a cabo campa\u00f1as en su regi\u00f3n o pa\u00eds.<\/p>\n<p>Con la colaboraci\u00f3n de sus asociados, el Foro se pone en contacto con las personas responsables de la protecci\u00f3n contra incendios en el \u00e1mbito europeo, y les informa y educa sobre las ventajas de los rociadores.<\/p>\n<p>Uni\u00e9ndose al Foro, los asociados muestran su apoyo a estos esfuerzos y dan peso a su mensaje.[\/vc_column_text][\/vc_column][vc_column width=\u00bb1\/3&#8243;][vc_widget_sidebar sidebar_id=\u00bbsidebar\u00bb][\/vc_column][\/vc_row]<\/p>\n<\/div>","protected":false},"excerpt":{"rendered":"<p>[vc_row css=\u00bb.vc_custom_1539616772765{margin-bottom: 50px !important;}\u00bb][vc_column width=\u00bb2\/3&#8243;][vc_column_text] Nuestras actividades Conectando con el Foro Europeo de Rociadores El Foro Europeo de Rociadores Autom\u00e1ticos sirve como enlace para todos los asociado europeos que desean mejorar la protecci\u00f3n contra incendios mediante el uso generalizado de [&hellip;]<\/p>\n","protected":false},"author":1,"featured_media":0,"parent":0,"menu_order":0,"comment_status":"open","ping_status":"open","template":"","meta":{"footnotes":""},"class_list":["post-125","page","type-page","status-publish","hentry"],"_links":{"self":[{"href":"https:\/\/www.eurosprinkler.org\/es\/wp-json\/wp\/v2\/pages\/125","targetHints":{"allow":["GET"]}}],"collection":[{"href":"https:\/\/www.eurosprinkler.org\/es\/wp-json\/wp\/v2\/pages"}],"about":[{"href":"https:\/\/www.eurosprinkler.org\/es\/wp-json\/wp\/v2\/types\/page"}],"author":[{"embeddable":true,"href":"https:\/\/www.eurosprinkler.org\/es\/wp-json\/wp\/v2\/users\/1"}],"replies":[{"embeddable":true,"href":"https:\/\/www.eurosprinkler.org\/es\/wp-json\/wp\/v2\/comments?post=125"}],"version-history":[{"count":5,"href":"https:\/\/www.eurosprinkler.org\/es\/wp-json\/wp\/v2\/pages\/125\/revisions"}],"predecessor-version":[{"id":4312,"href":"https:\/\/www.eurosprinkler.org\/es\/wp-json\/wp\/v2\/pages\/125\/revisions\/4312"}],"wp:attachment":[{"href":"https:\/\/www.eurosprinkler.org\/es\/wp-json\/wp\/v2\/media?parent=125"}],"curies":[{"name":"wp","href":"https:\/\/api.w.org\/{rel}","templated":true}]}}