{"id":432,"date":"2013-05-16T16:31:11","date_gmt":"2013-05-16T16:31:11","guid":{"rendered":"http:\/\/eurosprinkler.dev.co.uk\/?page_id=432"},"modified":"2025-02-03T08:17:41","modified_gmt":"2025-02-03T08:17:41","slug":"asociase","status":"publish","type":"page","link":"https:\/\/www.eurosprinkler.org\/es\/asociase\/","title":{"rendered":"As\u00f3ciase"},"content":{"rendered":"<h1>C\u00f3mo hacerse asociado del Foro<\/h1>\n<h3>Beneficios para su organizaci\u00f3n<\/h3>\n<p>Como asociado del Foro Europeo de Rociadores Autom\u00e1ticos, estar\u00e1 en contacto con un creciente movimiento europeo que requiere la instalaci\u00f3n de sistemas autom\u00e1ticos de protecci\u00f3n contra incendios. Sabr\u00e1 qu\u00e9 est\u00e1 ocurriendo en cada uno de los pa\u00edses europeos y podr\u00e1 a\u00f1adir su propia voz a las de aquellos que piden a las instituciones europeas y a los gobiernos nacionales que introduzcan leyes que obliguen a instalar rociadores autom\u00e1ticos y otros sistemas para beneficio de todos los ciudadanos europeos. Su participaci\u00f3n apoyar\u00e1 y dar\u00e1 forma al mensaje del Foro, un mensaje cuyo objetivo es introducir cambios positivos que salvar\u00e1n vidas adem\u00e1s de proteger bienes materiales y el medio ambiente. Como asociado del Foro, recibir\u00e1 adem\u00e1s un bolet\u00edn informativo en ingl\u00e9s que le pondr\u00e1 al d\u00eda con las \u00faltimas noticias sobre la protecci\u00f3n contra incendios en Europa. Para m\u00e1s informaci\u00f3n y para un formulario de inscripci\u00f3n:<\/p>\n<p><a href=\"https:\/\/www.eurosprinkler.org\/wp-content\/uploads\/2013\/05\/EFSN-Flyer.pdf\">EFSN Flyer<\/a><br \/>\n<a href=\"https:\/\/www.eurosprinkler.org\/become-a-member\/\">Application Form<\/a><\/p>\n","protected":false},"excerpt":{"rendered":"<p>C\u00f3mo hacerse asociado del Foro Beneficios para su organizaci\u00f3n Como asociado del Foro Europeo de Rociadores Autom\u00e1ticos, estar\u00e1 en contacto con un creciente movimiento europeo que requiere la instalaci\u00f3n de sistemas autom\u00e1ticos de protecci\u00f3n contra incendios. Sabr\u00e1 qu\u00e9 est\u00e1 ocurriendo [&hellip;]<\/p>\n","protected":false},"author":1,"featured_media":0,"parent":0,"menu_order":0,"comment_status":"open","ping_status":"open","template":"","meta":{"footnotes":""},"class_list":["post-432","page","type-page","status-publish","hentry"],"_links":{"self":[{"href":"https:\/\/www.eurosprinkler.org\/es\/wp-json\/wp\/v2\/pages\/432","targetHints":{"allow":["GET"]}}],"collection":[{"href":"https:\/\/www.eurosprinkler.org\/es\/wp-json\/wp\/v2\/pages"}],"about":[{"href":"https:\/\/www.eurosprinkler.org\/es\/wp-json\/wp\/v2\/types\/page"}],"author":[{"embeddable":true,"href":"https:\/\/www.eurosprinkler.org\/es\/wp-json\/wp\/v2\/users\/1"}],"replies":[{"embeddable":true,"href":"https:\/\/www.eurosprinkler.org\/es\/wp-json\/wp\/v2\/comments?post=432"}],"version-history":[{"count":9,"href":"https:\/\/www.eurosprinkler.org\/es\/wp-json\/wp\/v2\/pages\/432\/revisions"}],"predecessor-version":[{"id":9406,"href":"https:\/\/www.eurosprinkler.org\/es\/wp-json\/wp\/v2\/pages\/432\/revisions\/9406"}],"wp:attachment":[{"href":"https:\/\/www.eurosprinkler.org\/es\/wp-json\/wp\/v2\/media?parent=432"}],"curies":[{"name":"wp","href":"https:\/\/api.w.org\/{rel}","templated":true}]}}