{"id":50,"date":"2013-05-08T09:25:22","date_gmt":"2013-05-08T09:25:22","guid":{"rendered":"http:\/\/eurosprinkler.dev.co.uk\/?page_id=50"},"modified":"2025-02-03T08:14:05","modified_gmt":"2025-02-03T08:14:05","slug":"home-spanish","status":"publish","type":"page","link":"https:\/\/www.eurosprinkler.org\/es\/","title":{"rendered":"Home"},"content":{"rendered":"<div class=\"wpb-content-wrapper\"><p>[vc_row css=\u00bb.vc_custom_1539615371048{margin-bottom: 50px !important;}\u00bb][vc_column width=\u00bb2\/3&#8243;][vc_column_text css=\u00bb\u00bb]<\/p>\n<h1>Bienvenido al Foro Europeo de Rociadores Autom\u00e1ticos<\/h1>\n<p>El Foro es una coalici\u00f3n de comunidades (pol\u00edticas, de protecci\u00f3n contra incendios y otras), establecida en el a\u00f1o 2002 con la intenci\u00f3n de fomentar un mayor uso de rociadores autom\u00e1ticos para salvar vidas y proteger la propiedad y el medio ambiente.<\/p>\n<p>Adem\u00e1s de causar graves da\u00f1os al medio ambiente local y de provocar p\u00e9rdidas aproximadas de diez mil millones de euros en da\u00f1os materiales, se estima que el fuego causa m\u00e1s de cuatro mil muertos y otros cien mil heridos anuales en Europa. Pero estos da\u00f1os pueden evitarse. Las ciudades que han instalado rociadores autom\u00e1ticos a gran escala han visto las muertes por incendio eliminadas casi por completo, y los da\u00f1os materiales reducidos m\u00e1s de un 80%. Muchos expertos en seguridad contra incendios est\u00e1n convencidos de que la instalaci\u00f3n generalizada de rociadores autom\u00e1ticos es la manera m\u00e1s eficaz de reducir las actuales p\u00e9rdidas causadas por el fuego.<\/p>\n<p>Tras recoger y distribuir informaci\u00f3n fiable sobre los rociadores autom\u00e1ticos y las p\u00e9rdidas relacionadas con el fuego, el Foro Europeo de Rociadores Autom\u00e1ticos conectar\u00e1 con aqu\u00ed falta algo\/alguien y ofrecer\u00e1 apoyo en toda Europa a quienes est\u00e1n convencidos de que la instalaci\u00f3n de rociadores es imprescindible para ayudar a Europa a salvarse del fuego.<\/p>\n<p>El Foro es una organizaci\u00f3n de inter\u00e9s p\u00fablico sin \u00e1nimo de lucro y, como tal, acepta asociados de or\u00edgenes diversos con un inter\u00e9s com\u00fan: el de una mejor protecci\u00f3n contra incendios. Necesitamos su ayuda para dar m\u00e1s peso a nuestro mensaje, y su apoyo para continuar nuestras actividades. \u00a1Desc\u00e1rguese la solicitud ( <a href=\"https:\/\/www.eurosprinkler.org\/become-a-member\/\">haciendo clic en este enlace<\/a>\u00a0) y suscr\u00edbase hoy mismo!<\/p>\n<p>Para m\u00e1s informaci\u00f3n, ver <a href=\"http:\/\/rociadoressalvanvidas.org\/\">rociadoressalvanvidas.org<\/a>[\/vc_column_text][\/vc_column][vc_column width=\u00bb1\/3&#8243;][vc_widget_sidebar sidebar_id=\u00bbsidebar\u00bb][\/vc_column][\/vc_row]<\/p>\n<\/div>","protected":false},"excerpt":{"rendered":"<p>[vc_row css=\u00bb.vc_custom_1539615371048{margin-bottom: 50px !important;}\u00bb][vc_column width=\u00bb2\/3&#8243;][vc_column_text css=\u00bb\u00bb] Bienvenido al Foro Europeo de Rociadores Autom\u00e1ticos El Foro es una coalici\u00f3n de comunidades (pol\u00edticas, de protecci\u00f3n contra incendios y otras), establecida en el a\u00f1o 2002 con la intenci\u00f3n de fomentar un mayor uso [&hellip;]<\/p>\n","protected":false},"author":1,"featured_media":0,"parent":0,"menu_order":0,"comment_status":"open","ping_status":"open","template":"","meta":{"footnotes":""},"class_list":["post-50","page","type-page","status-publish","hentry"],"_links":{"self":[{"href":"https:\/\/www.eurosprinkler.org\/es\/wp-json\/wp\/v2\/pages\/50","targetHints":{"allow":["GET"]}}],"collection":[{"href":"https:\/\/www.eurosprinkler.org\/es\/wp-json\/wp\/v2\/pages"}],"about":[{"href":"https:\/\/www.eurosprinkler.org\/es\/wp-json\/wp\/v2\/types\/page"}],"author":[{"embeddable":true,"href":"https:\/\/www.eurosprinkler.org\/es\/wp-json\/wp\/v2\/users\/1"}],"replies":[{"embeddable":true,"href":"https:\/\/www.eurosprinkler.org\/es\/wp-json\/wp\/v2\/comments?post=50"}],"version-history":[{"count":26,"href":"https:\/\/www.eurosprinkler.org\/es\/wp-json\/wp\/v2\/pages\/50\/revisions"}],"predecessor-version":[{"id":9400,"href":"https:\/\/www.eurosprinkler.org\/es\/wp-json\/wp\/v2\/pages\/50\/revisions\/9400"}],"wp:attachment":[{"href":"https:\/\/www.eurosprinkler.org\/es\/wp-json\/wp\/v2\/media?parent=50"}],"curies":[{"name":"wp","href":"https:\/\/api.w.org\/{rel}","templated":true}]}}