{"id":133,"date":"2013-05-09T15:58:37","date_gmt":"2013-05-09T15:58:37","guid":{"rendered":"http:\/\/eurosprinkler.dev.co.uk\/?page_id=133"},"modified":"2026-04-09T16:03:44","modified_gmt":"2026-04-09T16:03:44","slug":"adhesion","status":"publish","type":"page","link":"https:\/\/www.eurosprinkler.org\/fr\/adhesion\/","title":{"rendered":"Adh\u00e9sion"},"content":{"rendered":"<div class=\"wpb-content-wrapper\"><p>[vc_row][vc_column][vc_column_text css=\u00a0\u00bb\u00a0\u00bb]<\/p>\r\n<h1>Adh\u00e9sion<\/h1>\r\n<p>L&rsquo;adh\u00e9sion au European Fire Sprinkler Network est ouverte \u00e0 tous ceux qui sont motiv\u00e9s par l&rsquo;am\u00e9lioration de la s\u00e9curit\u00e9 incendie gr\u00e2ce \u00e0 l&rsquo;installation de sprinkleurs. Les adh\u00e9rents sont:<\/p>\r\n<h3>Assureurs<\/h3>\r\n<ul>\r\n<li><a href=\"http:\/\/www.axa-corporatesolutions.com\/\" target=\"_blank\" rel=\"noopener noreferrer\">AXA France<\/a><\/li>\r\n<li><a href=\"http:\/\/www.fno.no\/\" target=\"_blank\" rel=\"noopener noreferrer\">Finans Norge<\/a><\/li>\r\n<li><a href=\"http:\/\/www.fmglobal.com\/page.aspx?id=00020300\" target=\"_blank\" rel=\"noopener noreferrer\">FM Global France<\/a><\/li>\r\n<li><a href=\"http:\/\/www.fmglobal.de\/\" target=\"_blank\" rel=\"noopener noreferrer\">FM Global Germany<\/a><\/li>\r\n<li><a href=\"http:\/\/www.fmglobal.com\/\" target=\"_blank\" rel=\"noopener noreferrer\">FM Global Netherlands<\/a><\/li>\r\n<li><a href=\"http:\/\/fmglobal.com\/\" target=\"_blank\" rel=\"noopener noreferrer\">FM Global Spain<\/a><\/li>\r\n<li><a href=\"http:\/\/www.fmglobal.com\/default.aspx\" target=\"_blank\" rel=\"noopener noreferrer\">FM Global United Kingdom<\/a><\/li>\r\n<li><a href=\"http:\/\/www.zurich.com\/riskengineering\/welcome\/home.htm\" target=\"_blank\" rel=\"noopener noreferrer\">Zurich Risk Engineering<\/a><\/li>\r\n<\/ul>\r\n<h3>Autorit\u00e9s<\/h3>\r\n<ul>\r\n<li><a href=\"http:\/\/www.kgvonline.ch\/?c=3\" target=\"_blank\" rel=\"noopener noreferrer\">Association of Swiss Public Building Insurance Companies (VKF)<\/a><\/li>\r\n<li><a href=\"http:\/\/www.rbfrs.co.uk\/\" target=\"_blank\" rel=\"noopener noreferrer\">Royal Berkshire Fire &amp; Rescue Service<\/a><\/li>\r\n<\/ul>\r\n<h3>Bureaux d&rsquo;Etudes\/Laboratoires<\/h3>\r\n<ul>\r\n<li><a href=\"https:\/\/acuro.nl\/website\/\" target=\"_blank\" rel=\"noopener noreferrer\">Acuro<\/a><\/li>\r\n<li><a href=\"https:\/\/www.amopsi.com\/\">AMOPSI<\/a><\/li>\r\n<li><a href=\"http:\/\/www.anpi.be\/\" target=\"_blank\" rel=\"noopener noreferrer\">ANPI<\/a><\/li>\r\n<li><a href=\"http:\/\/www.aon.com\/default.jsp\" target=\"_blank\" rel=\"noopener noreferrer\">AON Global Risk Consulting<\/a><\/li>\r\n<li><a href=\"https:\/\/www.bafilab.com\/\">Baltic Fire Laboratory<\/a><\/li>\r\n<li><a href=\"http:\/\/www.bre.co.uk\/global\/page.jsp?id=383\" target=\"_blank\" rel=\"noopener noreferrer\">BRE Global<\/a><\/li>\r\n<li><a href=\"http:\/\/www.bureauveritas.nl\/wps\/wcm\/connect\/bv_nl\/Local\" target=\"_blank\" rel=\"noopener noreferrer\">Bureau Veritas<\/a><\/li>\r\n<li><a href=\"http:\/\/www.cnpp.com\/\" target=\"_blank\" rel=\"noopener noreferrer\">CNPP<\/a><\/li>\r\n<li><a href=\"http:\/\/www.cyrus-industrie.com\/\" target=\"_blank\" rel=\"noopener noreferrer\">Cyrus Industrie<\/a><\/li>\r\n<li><a href=\"https:\/\/brandogsikring.dk\/en\/frontpage\/\">DBI<\/a><\/li>\r\n<li><a href=\"https:\/\/dgmr.nl\/\" target=\"_blank\" rel=\"noopener noreferrer\">DGMR<\/a><\/li>\r\n<li><a href=\"https:\/\/www.dekra.fr\/\">Dekra<\/a><\/li>\r\n<li><a href=\"https:\/\/endures.co.uk\/\">Endures<\/a><\/li>\r\n<li><a href=\"http:\/\/www.eih24.com\/\">Engineering &amp; Inspection Hellmund<\/a><\/li>\r\n<li><a href=\"http:\/\/www.fmglobal.com\/page.aspx?id=50000000\" target=\"_blank\" rel=\"noopener noreferrer\">FM Approvals<\/a><\/li>\r\n<li><a href=\"https:\/\/www.fssm.gmbh\/\">FSSM Brandschutzingenieur<\/a><\/li>\r\n<li>ID Technologie<\/li>\r\n<li>Ingonious<\/li>\r\n<li><a href=\"http:\/\/www.jensenhughes.eu\" target=\"_blank\" rel=\"noopener noreferrer\">Jensen Hughes<\/a><\/li>\r\n<li><a href=\"https:\/\/www.kiwa.com\/\">Kiwa<\/a><\/li>\r\n<li><a href=\"https:\/\/leda.com.ua\/\">LEDA Private Enterprise<\/a><\/li>\r\n<li><a href=\"http:\/\/www.marsh.nl\/\" target=\"_blank\" rel=\"noopener noreferrer\">Marsh B.V.<\/a><\/li>\r\n<li><a href=\"https:\/\/www.nationalfirechiefs.org.uk\/\">National Fire Chiefs Council<\/a><\/li>\r\n<li><a href=\"http:\/\/www.nfpa.org\/index.asp?cookie%5Ftest=1\" target=\"_blank\" rel=\"noopener noreferrer\">National Fire Protection Association<\/a><\/li>\r\n<li><a href=\"http:\/\/www.normecfss.nl\/\" target=\"_blank\" rel=\"noopener noreferrer\">Normec FSS<\/a><\/li>\r\n<li><a href=\"https:\/\/www.partb.co.uk\/service\/certification\">Part B (Certification)<\/a><\/li>\r\n<li><a href=\"https:\/\/www.peutz.nl\/expertises\/brandveiligheid\">Peutz<\/a><\/li>\r\n<li><a href=\"https:\/\/www.prevent-fe.nl\/\">Prevent Fire Engineering<\/a><\/li>\r\n<li><a href=\"https:\/\/www.ri.se\/sv\">RISE<\/a><\/li>\r\n<li><a href=\"https:\/\/riskonet.com\/en\/\">Riskonet<\/a><\/li>\r\n<li><a href=\"https:\/\/safe-engineers.com\/\">Safe Engineers<\/a><\/li>\r\n<li><a href=\"http:\/\/www.s2n-expert.com\/\" target=\"_blank\" rel=\"noopener noreferrer\">S2N-expert Scheuer &amp; Neuman<\/a><\/li>\r\n<li><a href=\"https:\/\/www.sgsfloriaan.nl\/\">SGS Floriaan<\/a><\/li>\r\n<li><a href=\"http:\/\/www.spk.fr\/\" target=\"_blank\" rel=\"noopener noreferrer\">SPK Engineering<\/a><\/li>\r\n<li><a href=\"http:\/\/www.ste-bv.com\/\">STE<\/a><\/li>\r\n<li><a href=\"http:\/\/www.tuv.com\/global\/en\/index.html\" target=\"_blank\" rel=\"noopener noreferrer\">T\u00dcV Rheinland Industrie Service GmbH<\/a><\/li>\r\n<li><a href=\"https:\/\/www.ul.com\/\">UL Solutions<\/a><\/li>\r\n<li><a href=\"http:\/\/www.vds.de\/\" target=\"_blank\" rel=\"noopener noreferrer\">VdS Schadenverh\u00fctung<\/a><\/li>\r\n<li><a href=\"http:\/\/www.vfdb.de\/\" target=\"_blank\" rel=\"noopener noreferrer\">Vereinigung zur F\u00f6rderung des Deutschen Brandschutzes<\/a><\/li>\r\n<li><a href=\"http:\/\/www.wilmsweiler.com\/\" target=\"_blank\" rel=\"noopener noreferrer\">WilmsWeiler<\/a><\/li>\r\n<\/ul>\r\n<h3>Associations Sprinkleurs<\/h3>\r\n<ul>\r\n<li><a href=\"http:\/\/www.bafsa.org.uk\/mission.php\" target=\"_blank\" rel=\"noopener noreferrer\">British Automatic Fire Sprinkler Association<\/a><\/li>\r\n<li><a href=\"http:\/\/www.ffmi.asso.fr\/\" target=\"_blank\" rel=\"noopener noreferrer\">Groupement francais des installateurs de sprinklers<\/a><\/li>\r\n<li><a href=\"http:\/\/www.firesprinkler.global\/\">International Fire Suppression Alliance<\/a><\/li>\r\n<li><a href=\"http:\/\/www.sprinklerframjandet.se\/\" target=\"_blank\" rel=\"noopener noreferrer\">Sprinklerfr\u00e4mjandet<\/a><\/li>\r\n<li><a href=\"http:\/\/www.tecnifuego-aespi.org\/index2.php\" target=\"_blank\" rel=\"noopener noreferrer\">Tecnifuego-Aespi<\/a><\/li>\r\n<li><a href=\"https:\/\/sprinkler.nl\/\">Verenigde Sprinkler Industrie<\/a><\/li>\r\n<\/ul>\r\n<h3>Installateurs\/Fabricants<\/h3>\r\n<ul>\r\n<li><a href=\"https:\/\/aalberts-ips.com\/\">Aalberts integrated piping systems<\/a><\/li>\r\n<li><a href=\"http:\/\/www.komtes.com\/\" target=\"_blank\" rel=\"noopener noreferrer\">AG Sprinkler<\/a><\/li>\r\n<li><a href=\"https:\/\/en.aproindustrie.com\/\">APRO Industrie<\/a><\/li>\r\n<li><a href=\"http:\/\/www.aqua.nl\/\" target=\"_blank\" rel=\"noopener noreferrer\">Aqua+ Sprinklersystemen<\/a><\/li>\r\n<li><a href=\"http:\/\/aquasecurity.be\/\" target=\"_blank\" rel=\"noopener noreferrer\">AquaSecurity<\/a><\/li>\r\n<li><a href=\"http:\/\/www.armstrongpriestley.co.uk\/\" target=\"_blank\" rel=\"noopener noreferrer\">Armstrong Priestley<\/a><\/li>\r\n<li><a href=\"http:\/\/www.aai-france.fr\/\" target=\"_blank\" rel=\"noopener noreferrer\">Atlantique Automatismes Incendie<\/a><\/li>\r\n<li><a href=\"https:\/\/www.canutesoft.com\/\" target=\"_blank\" rel=\"noopener noreferrer\">Canute<\/a><\/li>\r\n<li><a href=\"http:\/\/www.clarkefire.com\/\" target=\"_blank\" rel=\"noopener noreferrer\">Clarke Fire Protection Products<\/a><\/li>\r\n<li><a href=\"http:\/\/www.domesticsprinklers.com\/\" target=\"_blank\" rel=\"noopener noreferrer\">Domestic Sprinklers<\/a><\/li>\r\n<li><a href=\"https:\/\/www.duyar.com\/en\">Duyar Valve<\/a><\/li>\r\n<li><a href=\"https:\/\/www.esss.no\/\">Eide Special Sprinkler Systems<\/a><\/li>\r\n<li><a href=\"http:\/\/www.firepiping.com\/\" target=\"_blank\" rel=\"noopener noreferrer\">Engineered Fire Piping<\/a><\/li>\r\n<li><a href=\"https:\/\/www.equans.com\/\">Equans<\/a><\/li>\r\n<li><a href=\"https:\/\/www.eurosprinkler.eu\/en\/\">Eurosprinkler<\/a><\/li>\r\n<li><a href=\"https:\/\/gaisrotechnika.lt\/\">Gaisro Technika<\/a><\/li>\r\n<li><a href=\"https:\/\/www.generalairproducts.com\/\">General Air Products<\/a><\/li>\r\n<li><a href=\"https:\/\/hgvvs.dk\/\">Hjernoe Gustafsen<\/a><\/li>\r\n<li><a href=\"https:\/\/hosemonster.com\/\">Hosemonster<\/a><\/li>\r\n<li><a href=\"http:\/\/www.job-bulbs.com\/\" target=\"_blank\" rel=\"noopener noreferrer\">Job Bulbs<\/a><\/li>\r\n<li><a href=\"https:\/\/www.johnsoncontrols.com\/fire-suppression\" target=\"_blank\" rel=\"noopener noreferrer\">Johnson Controls<\/a><\/li>\r\n<li><a href=\"https:\/\/joneseng.com\/\">Jones Engineering<\/a><\/li>\r\n<li><a href=\"http:\/\/www.lubrizol.com\/CPVC\/Products\/BlazeMaster.html\" target=\"_blank\" rel=\"noopener noreferrer\">Lubrizol<\/a><\/li>\r\n<li><a href=\"https:\/\/www.marioff.com\/en\/?utm_source=network&amp;utm_medium=listing&amp;utm_campaign=brand\">Marioff<\/a><\/li>\r\n<li><a href=\"https:\/\/www.mecon.de\/de\/\" target=\"_blank\" rel=\"noopener noreferrer\">Mecon<\/a><\/li>\r\n<li><a href=\"http:\/\/www.mercury.ie\/\" target=\"_blank\" rel=\"noopener noreferrer\">Mercury Ireland<\/a><\/li>\r\n<li><a href=\"https:\/\/www.minimax.com\/de\/de\/\">Minimax<\/a><\/li>\r\n<li><a href=\"http:\/\/www.minimaxfrance.com\/\" target=\"_blank\" rel=\"noopener noreferrer\">Minimax France<\/a><\/li>\r\n<li><a href=\"http:\/\/en.nmfirepump.com\/\" target=\"_blank\" rel=\"noopener noreferrer\">NM Fire Pump<\/a><\/li>\r\n<li><a href=\"http:\/\/www.norbulb.de\/\" target=\"_blank\" rel=\"noopener noreferrer\">Norbulb Sprinkler Elemente<\/a><\/li>\r\n<li><a href=\"https:\/\/www.nvent.com\/\">nVent<\/a><\/li>\r\n<li><a href=\"https:\/\/www.pipinglogistics.eu\/en\/\">Piping Logistics<\/a><\/li>\r\n<li><a href=\"http:\/\/www.pottersignal.com\/\" target=\"_blank\" rel=\"noopener noreferrer\">Potter Electric<\/a><\/li>\r\n<li><a href=\"https:\/\/www.air-eau.tech\/\">R&amp;O<\/a><\/li>\r\n<li><a href=\"http:\/\/www.rapidrop.com\/page4121\/home.aspx\" target=\"_blank\" rel=\"noopener noreferrer\">Rapidrop<\/a><\/li>\r\n<li><a href=\"http:\/\/www.reliablesprinkler.com\/\" target=\"_blank\" rel=\"noopener noreferrer\">Reliable Fire Sprinkler<\/a><\/li>\r\n<li><a href=\"https:\/\/rhinofireprotection.co.uk\/\">Rhino Fire Protection<\/a><\/li>\r\n<li><a href=\"http:\/\/www.salzgitter-stahlhandel.com\/Products\/Pipe_joining_elements\/Pipe_joining_elements.htm\" target=\"_blank\" rel=\"noopener noreferrer\">Salzgitter-Mannesmann<\/a><\/li>\r\n<li><a href=\"http:\/\/www.homesafegroup.com\/en\/home\/a6296\" target=\"_blank\" rel=\"noopener noreferrer\">The Homesafe Group<\/a><\/li>\r\n<li><a href=\"https:\/\/www.tornatech.com\/\" target=\"_blank\" rel=\"noopener\">Tornatech<\/a><\/li>\r\n<li><a href=\"https:\/\/www.tubasys.com\/\" target=\"_blank\" rel=\"noopener noreferrer\">Tubasys<\/a><\/li>\r\n<li><a href=\"https:\/\/vactecsprinkler.com\/en\/home\/\">Vactec Sprinkler<\/a><\/li>\r\n<li><a href=\"http:\/\/www.victaulic.be\/\" target=\"_blank\" rel=\"noopener noreferrer\">Victaulic Europe<\/a><\/li>\r\n<li><a href=\"https:\/\/vidfirekill.dk\/\">Vid Fire-Kill<\/a><\/li>\r\n<li><a href=\"https:\/\/www.viking-emea.com\/\">Viking EMEA<\/a><\/li>\r\n<li><a href=\"https:\/\/www.vipondfire.co.uk\/\">Vipond Fire<\/a><\/li>\r\n<\/ul>\r\n<h3>Distributeurs<\/h3>\r\n<p>&nbsp;<\/p>\r\n<h3>Individus et Autres<\/h3>\r\n<ul>\r\n<li><a href=\"https:\/\/branntekniskforening.no\/\">Brannteknisk Forening<\/a><\/li>\r\n<li>Erik Klemenz<\/li>\r\n<li>Felicia Schenk-Yeh<\/li>\r\n<li>Finnish Sprinkler Engineers&rsquo; Association<\/li>\r\n<li>Guy Watson<\/li>\r\n<li>Jens Stubenrauch<\/li>\r\n<li>Nick Groos<\/li>\r\n<li>Nicolas Lochet<\/li>\r\n<li>Onur Goren<\/li>\r\n<li>Pascal Pfeiffer<\/li>\r\n<li>Philipp Kraucher<\/li>\r\n<li><a href=\"http:\/\/www.quicksilvertranslate.com\/\" target=\"_blank\" rel=\"noopener noreferrer\">Quicksilver Translate<\/a><\/li>\r\n<li>Reinhard Hofer<\/li>\r\n<li>Rick van Meesen<\/li>\r\n<li>Sam Wadi<\/li>\r\n<li><a href=\"http:\/\/www.ffsb.co.uk\/\" target=\"_blank\" rel=\"noopener noreferrer\">Simon Bird<\/a><\/li>\r\n<li><a href=\"https:\/\/www.spek.fi\/en\/\">SPEK Finnish National Rescue Association<\/a><\/li>\r\n<li><a href=\"https:\/\/www.sprinklab.fr\/\">SprinkLab<\/a><\/li>\r\n<li><a href=\"https:\/\/www.ssi-schaefer.com\/en-gb\">SSI-Schaefer<\/a><\/li>\r\n<li>Taner Kaboglu<\/li>\r\n<li><a href=\"https:\/\/sprinktec.co.uk\/\">The Fire Systems Academy<\/a><\/li>\r\n<li>Torben Guldbaek<\/li>\r\n<li><a href=\"https:\/\/www.vfdb.de\/start\/\">vfdb<\/a><\/li>\r\n<\/ul>\r\n\r\n<p>&nbsp;<\/p>\r\n<p>[\/vc_column_text][\/vc_column][\/vc_row]<\/p><\/div>","protected":false},"excerpt":{"rendered":"<p>[vc_row][vc_column][vc_column_text css=\u00a0\u00bb\u00a0\u00bb] Adh\u00e9sion L&rsquo;adh\u00e9sion au European Fire Sprinkler Network est ouverte \u00e0 tous ceux qui sont motiv\u00e9s par l&rsquo;am\u00e9lioration de la s\u00e9curit\u00e9 incendie gr\u00e2ce \u00e0 l&rsquo;installation de sprinkleurs. Les adh\u00e9rents sont: Assureurs AXA France Finans Norge FM Global France FM [&hellip;]<\/p>\n","protected":false},"author":1,"featured_media":0,"parent":0,"menu_order":0,"comment_status":"open","ping_status":"open","template":"","meta":{"footnotes":""},"class_list":["post-133","page","type-page","status-publish","hentry"],"_links":{"self":[{"href":"https:\/\/www.eurosprinkler.org\/fr\/wp-json\/wp\/v2\/pages\/133","targetHints":{"allow":["GET"]}}],"collection":[{"href":"https:\/\/www.eurosprinkler.org\/fr\/wp-json\/wp\/v2\/pages"}],"about":[{"href":"https:\/\/www.eurosprinkler.org\/fr\/wp-json\/wp\/v2\/types\/page"}],"author":[{"embeddable":true,"href":"https:\/\/www.eurosprinkler.org\/fr\/wp-json\/wp\/v2\/users\/1"}],"replies":[{"embeddable":true,"href":"https:\/\/www.eurosprinkler.org\/fr\/wp-json\/wp\/v2\/comments?post=133"}],"version-history":[{"count":162,"href":"https:\/\/www.eurosprinkler.org\/fr\/wp-json\/wp\/v2\/pages\/133\/revisions"}],"predecessor-version":[{"id":10167,"href":"https:\/\/www.eurosprinkler.org\/fr\/wp-json\/wp\/v2\/pages\/133\/revisions\/10167"}],"wp:attachment":[{"href":"https:\/\/www.eurosprinkler.org\/fr\/wp-json\/wp\/v2\/media?parent=133"}],"curies":[{"name":"wp","href":"https:\/\/api.w.org\/{rel}","templated":true}]}}