{"id":426,"date":"2013-05-16T16:24:04","date_gmt":"2013-05-16T16:24:04","guid":{"rendered":"http:\/\/eurosprinkler.dev.co.uk\/?page_id=426"},"modified":"2025-02-03T08:19:00","modified_gmt":"2025-02-03T08:19:00","slug":"rejoignez-nous","status":"publish","type":"page","link":"https:\/\/www.eurosprinkler.org\/fr\/rejoignez-nous\/","title":{"rendered":"Rejoignez nous"},"content":{"rendered":"<div class=\"wpb-content-wrapper\"><p>[vc_row][vc_column][vc_column_text css=\u00a0\u00bb\u00a0\u00bb]<\/p>\n<h1>Rejoignez nous<\/h1>\n<h3>Vos b\u00e9n\u00e9fices<\/h3>\n<p>L&rsquo;adh\u00e9sion au European Fire Sprinkler Network vous permettra de rentrer en contact avec un mouvement en plein d\u00e9veloppement pour la g\u00e9n\u00e9ralisation des syst\u00e8mes d&rsquo;extinction automatique du feu. Vous apprendrez ce qui se passe dans chaque pays d&rsquo;Europe, et ajouterez votre voix experte \u00e0 ceux qui demandent aux institutions europ\u00e9ennes et aux gouvernements nationaux de l\u00e9gif\u00e9rer pour que les installations des sprinkleurs et des syst\u00e8mes connexes soient g\u00e9n\u00e9ralis\u00e9es dans l&rsquo;int\u00e9r\u00eat des citoyens europ\u00e9ens. Votre participation aidera \u00e0 soutenir et \u00e0 fa\u00e7onner le message du Network &#8211; un message destin\u00e9 \u00e0 apporter des changements radicaux et positifs pour sauvegarder la vie, les biens et l&rsquo;environnement.<\/p>\n<p>En tant que membre du Network, vous recevrez aussi une lettre mensuelle d&rsquo;information reprenant les derni\u00e8res evolutions en mati\u00e8re de protection incendie en Europe.<\/p>\n<p>Pour plus d&rsquo;information et pour un formulaire d\u2019inscription, veuillez cliquer ci-dessous.<\/p>\n<p><a href=\"https:\/\/www.eurosprinkler.org\/wp-content\/uploads\/2013\/05\/EFSN-Flyer.pdf\">EFSN Flyer<\/a><br \/>\n<a href=\"https:\/\/www.eurosprinkler.org\/become-a-member\/\">Formulaire d&rsquo;Inscription<\/a><\/p>\n<p>[\/vc_column_text][\/vc_column][\/vc_row]<\/p>\n<\/div>","protected":false},"excerpt":{"rendered":"<p>[vc_row][vc_column][vc_column_text css=\u00a0\u00bb\u00a0\u00bb] Rejoignez nous Vos b\u00e9n\u00e9fices L&rsquo;adh\u00e9sion au European Fire Sprinkler Network vous permettra de rentrer en contact avec un mouvement en plein d\u00e9veloppement pour la g\u00e9n\u00e9ralisation des syst\u00e8mes d&rsquo;extinction automatique du feu. Vous apprendrez ce qui se passe dans [&hellip;]<\/p>\n","protected":false},"author":1,"featured_media":0,"parent":0,"menu_order":0,"comment_status":"open","ping_status":"open","template":"","meta":{"footnotes":""},"class_list":["post-426","page","type-page","status-publish","hentry"],"_links":{"self":[{"href":"https:\/\/www.eurosprinkler.org\/fr\/wp-json\/wp\/v2\/pages\/426","targetHints":{"allow":["GET"]}}],"collection":[{"href":"https:\/\/www.eurosprinkler.org\/fr\/wp-json\/wp\/v2\/pages"}],"about":[{"href":"https:\/\/www.eurosprinkler.org\/fr\/wp-json\/wp\/v2\/types\/page"}],"author":[{"embeddable":true,"href":"https:\/\/www.eurosprinkler.org\/fr\/wp-json\/wp\/v2\/users\/1"}],"replies":[{"embeddable":true,"href":"https:\/\/www.eurosprinkler.org\/fr\/wp-json\/wp\/v2\/comments?post=426"}],"version-history":[{"count":10,"href":"https:\/\/www.eurosprinkler.org\/fr\/wp-json\/wp\/v2\/pages\/426\/revisions"}],"predecessor-version":[{"id":9408,"href":"https:\/\/www.eurosprinkler.org\/fr\/wp-json\/wp\/v2\/pages\/426\/revisions\/9408"}],"wp:attachment":[{"href":"https:\/\/www.eurosprinkler.org\/fr\/wp-json\/wp\/v2\/media?parent=426"}],"curies":[{"name":"wp","href":"https:\/\/api.w.org\/{rel}","templated":true}]}}