{"id":46,"date":"2013-05-08T09:24:31","date_gmt":"2013-05-08T09:24:31","guid":{"rendered":"http:\/\/eurosprinkler.dev.co.uk\/?page_id=46"},"modified":"2025-02-03T08:13:13","modified_gmt":"2025-02-03T08:13:13","slug":"home-french","status":"publish","type":"page","link":"https:\/\/www.eurosprinkler.org\/fr\/","title":{"rendered":"Home"},"content":{"rendered":"<div class=\"wpb-content-wrapper\"><p>[vc_row css=\u00a0\u00bb.vc_custom_1539615217850{margin-bottom: 50px !important;}\u00a0\u00bb][vc_column width=\u00a0\u00bb2\/3&Prime;][vc_column_text css=\u00a0\u00bb\u00a0\u00bb]<\/p>\n<h1>Bienvenue sur le site de l&rsquo;European Fire Sprinkler Network!<\/h1>\n<p><em>R\u00e9seau europ\u00e9en du sprinkleur anti-incendie<\/em><\/p>\n<p>Le Network est le regroupement de professionnels de la s\u00e9curit\u00e9 incendie, d&rsquo;hommes politiques, de responsables de communaut\u00e9s urbaines et de tous ceux qui souhaitent promouvoir l&rsquo;utilisation du sprinkleur dans la lutte contre le feu, dans le but de sauver des vies et de prot\u00e9ger les biens ainsi que l&rsquo;environnement.<\/p>\n<p>On estime que chaque ann\u00e9e le feu tue plus de 4 000 europ\u00e9ens, et en blesse 100 000 autres. Il cause en outre de s\u00e9rieux dommages \u00e0 l&rsquo;environnement direct, et pr\u00e8s de 10 milliards d&rsquo;euros de pertes en biens. Il ne devrait pas en \u00eatre ainsi. Dans les villes o\u00f9 les installations sprinkleurs sont largement r\u00e9pandues, les d\u00e9c\u00e8s caus\u00e9s par le feu ont presque disparus, et les blessures et dommages aux biens ont \u00e9t\u00e9 r\u00e9duits de plus de 80%. De nombreux experts en s\u00e9curit\u00e9 incendie sont de ce fait convaincus que la g\u00e9n\u00e9ralisation des installations sprinkleurs est le moyen le plus efficace pour r\u00e9duire les pertes li\u00e9es au feu.<\/p>\n<p>La mission du European Fire Sprinkler Network consiste \u00e0 collecter et \u00e0 diffuser les informations d\u00e9taill\u00e9es sur les dommages caus\u00e9s par le feu et sur les syst\u00e8mes d&rsquo;extinction automatique par sprinkleurs, ainsi qu&rsquo;\u00e0 mettre en contact et \u00e0 assister tous ceux qui dans l&rsquo;Europe enti\u00e8re, sont convaincus qu&rsquo;installer des sprinkleurs est essentiel pour aider l&rsquo;Europe \u00e0 se sauver elle-m\u00eame du feu.<\/p>\n<p>En tant qu&rsquo;association \u00e0 but non lucratif et d&rsquo;int\u00e9r\u00eat public, le Network est heureux d&rsquo;accueillir des membres provenant d&rsquo;horizons divers, mais ayant pour objectif commun une meilleure protection contre les incendies. Nous avons besoin de votre adh\u00e9sion pour ajouter plus de poids \u00e0 notre message, et nous avons besoin de votre soutien afin de poursuivre et de d\u00e9velopper nos activit\u00e9s. Merci de t\u00e9l\u00e9charger le <a href=\"https:\/\/www.eurosprinkler.org\/become-a-member\/\">Formulaire d&rsquo;inscription<\/a>, et rejoignez nous d\u00e8s aujourd&rsquo;hui!<\/p>\n<p>Voici comment fonctionne un syst\u00e8me de sprinkleurs: <a href=\"https:\/\/www.youtube.com\/watch?v=JzEo54-cW20\">GIS Pr\u00e9sentation Sprinkler<\/a>[\/vc_column_text][\/vc_column][vc_column width=\u00a0\u00bb1\/3&Prime;][vc_widget_sidebar sidebar_id=\u00a0\u00bbsidebar\u00a0\u00bb][\/vc_column][\/vc_row]<\/p>\n<\/div>","protected":false},"excerpt":{"rendered":"<p>[vc_row css=\u00a0\u00bb.vc_custom_1539615217850{margin-bottom: 50px !important;}\u00a0\u00bb][vc_column width=\u00a0\u00bb2\/3&Prime;][vc_column_text css=\u00a0\u00bb\u00a0\u00bb] Bienvenue sur le site de l&rsquo;European Fire Sprinkler Network! R\u00e9seau europ\u00e9en du sprinkleur anti-incendie Le Network est le regroupement de professionnels de la s\u00e9curit\u00e9 incendie, d&rsquo;hommes politiques, de responsables de communaut\u00e9s urbaines et de [&hellip;]<\/p>\n","protected":false},"author":1,"featured_media":0,"parent":0,"menu_order":0,"comment_status":"open","ping_status":"open","template":"","meta":{"footnotes":""},"class_list":["post-46","page","type-page","status-publish","hentry"],"_links":{"self":[{"href":"https:\/\/www.eurosprinkler.org\/fr\/wp-json\/wp\/v2\/pages\/46","targetHints":{"allow":["GET"]}}],"collection":[{"href":"https:\/\/www.eurosprinkler.org\/fr\/wp-json\/wp\/v2\/pages"}],"about":[{"href":"https:\/\/www.eurosprinkler.org\/fr\/wp-json\/wp\/v2\/types\/page"}],"author":[{"embeddable":true,"href":"https:\/\/www.eurosprinkler.org\/fr\/wp-json\/wp\/v2\/users\/1"}],"replies":[{"embeddable":true,"href":"https:\/\/www.eurosprinkler.org\/fr\/wp-json\/wp\/v2\/comments?post=46"}],"version-history":[{"count":35,"href":"https:\/\/www.eurosprinkler.org\/fr\/wp-json\/wp\/v2\/pages\/46\/revisions"}],"predecessor-version":[{"id":9398,"href":"https:\/\/www.eurosprinkler.org\/fr\/wp-json\/wp\/v2\/pages\/46\/revisions\/9398"}],"wp:attachment":[{"href":"https:\/\/www.eurosprinkler.org\/fr\/wp-json\/wp\/v2\/media?parent=46"}],"curies":[{"name":"wp","href":"https:\/\/api.w.org\/{rel}","templated":true}]}}